{"id":3987,"date":"2023-06-30T12:03:28","date_gmt":"2023-06-30T18:03:28","guid":{"rendered":"https:\/\/sanchezypiedra.com\/?page_id=3987"},"modified":"2025-08-25T20:03:32","modified_gmt":"2025-08-26T02:03:32","slug":"diseno-arquitectonico","status":"publish","type":"page","link":"https:\/\/sanchezypiedra.com\/en\/diseno-arquitectonico\/","title":{"rendered":"Architecture"},"content":{"rendered":"<div data-elementor-type=\"wp-page\" data-elementor-id=\"3987\" class=\"elementor elementor-3987\">\n\t\t\t\t\t\t<section class=\"elementor-section elementor-top-section elementor-element elementor-element-bc59264 elementor-section-boxed elementor-section-height-default elementor-section-height-default\" data-id=\"bc59264\" data-element_type=\"section\">\n\t\t\t\t\t\t<div class=\"elementor-container elementor-column-gap-default\">\n\t\t\t\t\t<div class=\"elementor-column elementor-col-50 elementor-top-column elementor-element elementor-element-7413b1b\" data-id=\"7413b1b\" data-element_type=\"column\">\n\t\t\t<div class=\"elementor-widget-wrap elementor-element-populated\">\n\t\t\t\t\t\t<div class=\"elementor-element elementor-element-f65a0db elementor-widget elementor-widget-image\" data-id=\"f65a0db\" data-element_type=\"widget\" data-widget_type=\"image.default\">\n\t\t\t\t<div class=\"elementor-widget-container\">\n\t\t\t\t\t\t\t\t\t\t\t\t\t\t\t<img decoding=\"async\" width=\"119\" height=\"107\" src=\"https:\/\/sanchezypiedra.com\/wp-content\/uploads\/2023\/06\/Icon_Diseno-Arquitectonico_Sanchez-Piedra.png\" class=\"attachment-large size-large wp-image-3910\" alt=\"\" \/>\t\t\t\t\t\t\t\t\t\t\t\t\t\t\t<\/div>\n\t\t\t\t<\/div>\n\t\t\t\t<div class=\"elementor-element elementor-element-471cd84 elementor-widget__width-initial elementor-widget elementor-widget-text-editor\" data-id=\"471cd84\" data-element_type=\"widget\" data-widget_type=\"text-editor.default\">\n\t\t\t\t<div class=\"elementor-widget-container\">\n\t\t\t\t\t\t\t\t\t<p>S\u00e1nchez &amp; Piedra has specialists in the art of design, capable of creating modern spaces.<\/p>\t\t\t\t\t\t\t\t<\/div>\n\t\t\t\t<\/div>\n\t\t\t\t<div class=\"elementor-element elementor-element-5597a32 elementor-widget__width-initial elementor-widget elementor-widget-text-editor\" data-id=\"5597a32\" data-element_type=\"widget\" data-widget_type=\"text-editor.default\">\n\t\t\t\t<div class=\"elementor-widget-container\">\n\t\t\t\t\t\t\t\t\t<p style=\"font-weight: 400;\">The service includes preliminary studies, preliminary projects, 3D modeling and construction designs, all in compliance with the criteria of accessibility, human safety, aesthetics and functionality.<\/p><p style=\"font-weight: 400;\">\u00a0<\/p>\t\t\t\t\t\t\t\t<\/div>\n\t\t\t\t<\/div>\n\t\t\t\t<div class=\"elementor-element elementor-element-2265c27 elementor-widget elementor-widget-button\" data-id=\"2265c27\" data-element_type=\"widget\" data-widget_type=\"button.default\">\n\t\t\t\t<div class=\"elementor-widget-container\">\n\t\t\t\t\t\t\t\t\t<div class=\"elementor-button-wrapper\">\n\t\t\t\t\t<a class=\"elementor-button elementor-button-link elementor-size-sm\" href=\"https:\/\/api.whatsapp.com\/send?phone=50688013133&#038;text=%C2%A1Hola%20buenas,%20me%20gustar%C3%ADa%20conocer%20de%20sus%20servicios\">\n\t\t\t\t\t\t<span class=\"elementor-button-content-wrapper\">\n\t\t\t\t\t\t\t\t\t<span class=\"elementor-button-text\">Get a quote<\/span>\n\t\t\t\t\t<\/span>\n\t\t\t\t\t<\/a>\n\t\t\t\t<\/div>\n\t\t\t\t\t\t\t\t<\/div>\n\t\t\t\t<\/div>\n\t\t\t\t\t<\/div>\n\t\t<\/div>\n\t\t\t\t<div class=\"elementor-column elementor-col-50 elementor-top-column elementor-element elementor-element-b0eab1d\" data-id=\"b0eab1d\" data-element_type=\"column\">\n\t\t\t<div class=\"elementor-widget-wrap elementor-element-populated\">\n\t\t\t\t\t\t<div class=\"elementor-element elementor-element-0f6ddb5 imagenSliderCorner elementor-widget elementor-widget-mae-gallery-carousel\" data-id=\"0f6ddb5\" data-element_type=\"widget\" data-widget_type=\"mae-gallery-carousel.default\">\n\t\t\t\t<div class=\"elementor-widget-container\">\n\t\t\t\t\t\n        <div class=\"master-carousel-box mlr-398835871 master-galleries\" data-config='{\"column\":\"1\",\"gap\":\"40px\",\"arrowPosition\":null,\"arrowMiddleOffset\":null,\"arrowTopOffset\":null,\"dotOffset\":\"30px\",\"fullRight\":false,\"autoPlay\":false,\"prevNextButtons\":false,\"pageDots\":true,\"groupCells\":false}'>\n                            <div class=\"master-gallery  item-carousel\">\n                    <div class=\"thumb\"><img decoding=\"async\" src=\"https:\/\/sanchezypiedra.com\/wp-content\/uploads\/2023\/09\/Image_Arquitectura-1_SanchezPiedra.jpg\" alt=\"Image\" \/><\/div>                <\/div>\n                            <div class=\"master-gallery  item-carousel\">\n                    <div class=\"thumb\"><img decoding=\"async\" src=\"https:\/\/sanchezypiedra.com\/wp-content\/uploads\/2023\/09\/Image_Arquitectura-2_SanchezPiedra.jpg\" alt=\"Image\" \/><\/div>                <\/div>\n                            <div class=\"master-gallery  item-carousel\">\n                    <div class=\"thumb\"><img decoding=\"async\" src=\"https:\/\/sanchezypiedra.com\/wp-content\/uploads\/2023\/09\/Image_Arquitectura-3_SanchezPiedra.jpg\" alt=\"Image\" \/><\/div>                <\/div>\n                    <\/div>\n\n        \t\t\t\t<\/div>\n\t\t\t\t<\/div>\n\t\t\t\t\t<\/div>\n\t\t<\/div>\n\t\t\t\t\t<\/div>\n\t\t<\/section>\n\t\t\t\t<section class=\"elementor-section elementor-top-section elementor-element elementor-element-ede42fd elementor-section-boxed elementor-section-height-default elementor-section-height-default\" data-id=\"ede42fd\" data-element_type=\"section\">\n\t\t\t\t\t\t<div class=\"elementor-container elementor-column-gap-default\">\n\t\t\t\t\t<div class=\"elementor-column elementor-col-100 elementor-top-column elementor-element elementor-element-d7df921\" data-id=\"d7df921\" data-element_type=\"column\">\n\t\t\t<div class=\"elementor-widget-wrap elementor-element-populated\">\n\t\t\t\t\t\t<div class=\"elementor-element elementor-element-cd3aaa7 elementor-widget elementor-widget-text-editor\" data-id=\"cd3aaa7\" data-element_type=\"widget\" data-widget_type=\"text-editor.default\">\n\t\t\t\t<div class=\"elementor-widget-container\">\n\t\t\t\t\t\t\t\t\t<p>All our services<\/p>\t\t\t\t\t\t\t\t<\/div>\n\t\t\t\t<\/div>\n\t\t\t\t<div class=\"elementor-element elementor-element-b6d6c69 hover-effect-style-1 elementor-widget elementor-widget-mae-service-carousel\" data-id=\"b6d6c69\" data-element_type=\"widget\" data-widget_type=\"mae-service-carousel.default\">\n\t\t\t\t<div class=\"elementor-widget-container\">\n\t\t\t\t\t\n        <div class=\"master-carousel-box mlr-411535336\" data-config='{\"column\":\"3\",\"gap\":\"30px\",\"arrowPosition\":null,\"arrowMiddleOffset\":null,\"arrowTopOffset\":null,\"dotOffset\":null,\"fullRight\":false,\"autoPlay\":false,\"prevNextButtons\":false,\"pageDots\":false}'>\n                            <div class=\"master-service  item-carousel sep-before\">\n                    <div class=\"thumb\">\n                        <img decoding=\"async\" src=\"https:\/\/sanchezypiedra.com\/wp-content\/uploads\/2023\/06\/Image_Ingenieria_Home_SanchezPiedra.jpg\" alt=\"Image\" \/>\n                    <\/div>\n\n                    <div class=\"content-wrap\">\n                        <h3 class=\"headline-2\">Engineering<\/h3><div class=\"sep\"><\/div><div class=\"desc\"><p>Design of construction plans, budgets, paperwork and construction and inspection of works.<\/p><\/div>            <div class=\"url-wrap\">\n                <a class=\"master-link  icon-right\" href=\"\/en\/ingenieria\/\" >\n                                        <span>See more<\/span>\n                    <span class=\"icon fa fa-arrow-right\"><\/span>                <\/a>\n            <\/div>\n\n                                <\/div>\n                <\/div>\n                            <div class=\"master-service  item-carousel sep-before\">\n                    <div class=\"thumb\">\n                        <img decoding=\"async\" src=\"https:\/\/sanchezypiedra.com\/wp-content\/uploads\/2023\/06\/Vc_3mS6Q.jpeg\" alt=\"Image\" \/>\n                    <\/div>\n\n                    <div class=\"content-wrap\">\n                        <h3 class=\"headline-2\">Structural Design<\/h3><div class=\"sep\"><\/div><div class=\"desc\"><p>Structural designs, seismic vulnerability studies and reinforcement of existing structures.<\/p><\/div>            <div class=\"url-wrap\">\n                <a class=\"master-link  icon-right\" href=\"\/en\/diseno-estructural\/\" >\n                                        <span>See more<\/span>\n                    <span class=\"icon fa fa-arrow-right\"><\/span>                <\/a>\n            <\/div>\n\n                                <\/div>\n                <\/div>\n                            <div class=\"master-service  item-carousel sep-before\">\n                    <div class=\"thumb\">\n                        <img decoding=\"async\" src=\"https:\/\/sanchezypiedra.com\/wp-content\/uploads\/2023\/06\/Image_Avaluos_Home_SanchezPiedra.jpg\" alt=\"Image\" \/>\n                    <\/div>\n\n                    <div class=\"content-wrap\">\n                        <h3 class=\"headline-2\">Appraisals<\/h3><div class=\"sep\"><\/div><div class=\"desc\"><p>Valuation of property for sale, rent, mortgage guarantee and insurance.<\/p><\/div>            <div class=\"url-wrap\">\n                <a class=\"master-link  icon-right\" href=\"\/en\/avaluos\/\" >\n                                        <span>See more<\/span>\n                    <span class=\"icon fa fa-arrow-right\"><\/span>                <\/a>\n            <\/div>\n\n                                <\/div>\n                <\/div>\n                    <\/div>\n\n        \t\t\t\t<\/div>\n\t\t\t\t<\/div>\n\t\t\t\t\t<\/div>\n\t\t<\/div>\n\t\t\t\t\t<\/div>\n\t\t<\/section>\n\t\t\t\t<section class=\"elementor-section elementor-top-section elementor-element elementor-element-73b7600 elementor-section-boxed elementor-section-height-default elementor-section-height-default\" data-id=\"73b7600\" data-element_type=\"section\">\n\t\t\t\t\t\t<div class=\"elementor-container elementor-column-gap-default\">\n\t\t\t\t\t<div class=\"elementor-column elementor-col-100 elementor-top-column elementor-element elementor-element-2156eaa\" data-id=\"2156eaa\" data-element_type=\"column\">\n\t\t\t<div class=\"elementor-widget-wrap elementor-element-populated\">\n\t\t\t\t\t\t<div class=\"elementor-element elementor-element-1eaa983 elementor-widget elementor-widget-spacer\" data-id=\"1eaa983\" data-element_type=\"widget\" data-widget_type=\"spacer.default\">\n\t\t\t\t<div class=\"elementor-widget-container\">\n\t\t\t\t\t\t\t<div class=\"elementor-spacer\">\n\t\t\t<div class=\"elementor-spacer-inner\"><\/div>\n\t\t<\/div>\n\t\t\t\t\t\t<\/div>\n\t\t\t\t<\/div>\n\t\t\t\t\t<\/div>\n\t\t<\/div>\n\t\t\t\t\t<\/div>\n\t\t<\/section>\n\t\t\t\t<section class=\"elementor-section elementor-top-section elementor-element elementor-element-f48c543 elementor-section-stretched elementor-section-full_width elementor-section-height-default elementor-section-height-default\" data-id=\"f48c543\" data-element_type=\"section\" data-settings=\"{&quot;stretch_section&quot;:&quot;section-stretched&quot;,&quot;background_background&quot;:&quot;gradient&quot;}\">\n\t\t\t\t\t\t<div class=\"elementor-container elementor-column-gap-default\">\n\t\t\t\t\t<div class=\"elementor-column elementor-col-100 elementor-top-column elementor-element elementor-element-11aab77\" data-id=\"11aab77\" data-element_type=\"column\">\n\t\t\t<div class=\"elementor-widget-wrap elementor-element-populated\">\n\t\t\t\t\t\t<section class=\"elementor-section elementor-inner-section elementor-element elementor-element-1e33e3f elementor-section-content-middle elementor-section-boxed elementor-section-height-default elementor-section-height-default\" data-id=\"1e33e3f\" data-element_type=\"section\" data-settings=\"{&quot;background_background&quot;:&quot;classic&quot;}\">\n\t\t\t\t\t\t<div class=\"elementor-container elementor-column-gap-default\">\n\t\t\t\t\t<div class=\"elementor-column elementor-col-100 elementor-inner-column elementor-element elementor-element-f06f3bf\" data-id=\"f06f3bf\" data-element_type=\"column\">\n\t\t\t<div class=\"elementor-widget-wrap elementor-element-populated\">\n\t\t\t\t\t\t<div class=\"elementor-element elementor-element-e3a5d41 align--tabletcenter align-center elementor-widget__width-initial elementor-widget elementor-widget-mae-headings\" data-id=\"e3a5d41\" data-element_type=\"widget\" data-widget_type=\"mae-headings.default\">\n\t\t\t\t<div class=\"elementor-widget-container\">\n\t\t\t\t\t\t\t<div class=\"master-heading\">\n\t        \n\t        \t        <h2 class=\"main-heading\">Develop with the security and support <br> of more than 15 years of experience!<\/h2>\n\t        \n\t        \n\t        \t    <\/div>\n\t    \t\t\t\t<\/div>\n\t\t\t\t<\/div>\n\t\t\t\t<div class=\"elementor-element elementor-element-a152816 elementor-align-center elementor-widget elementor-widget-button\" data-id=\"a152816\" data-element_type=\"widget\" data-widget_type=\"button.default\">\n\t\t\t\t<div class=\"elementor-widget-container\">\n\t\t\t\t\t\t\t\t\t<div class=\"elementor-button-wrapper\">\n\t\t\t\t\t<a class=\"elementor-button elementor-button-link elementor-size-sm\" href=\"https:\/\/api.whatsapp.com\/send?phone=50688013133&#038;text=%C2%A1Hola%20buenas,%20me%20gustar%C3%ADa%20conocer%20de%20sus%20servicios\">\n\t\t\t\t\t\t<span class=\"elementor-button-content-wrapper\">\n\t\t\t\t\t\t\t\t\t<span class=\"elementor-button-text\">Contact us<\/span>\n\t\t\t\t\t<\/span>\n\t\t\t\t\t<\/a>\n\t\t\t\t<\/div>\n\t\t\t\t\t\t\t\t<\/div>\n\t\t\t\t<\/div>\n\t\t\t\t\t<\/div>\n\t\t<\/div>\n\t\t\t\t\t<\/div>\n\t\t<\/section>\n\t\t\t\t\t<\/div>\n\t\t<\/div>\n\t\t\t\t\t<\/div>\n\t\t<\/section>\n\t\t\t\t<\/div>","protected":false},"excerpt":{"rendered":"<p>S\u00e1nchez &amp; Piedra cuenta con especialistas en el arte del dise\u00f1o, capaces de crear espacios modernos El servicio comprende la realizaci\u00f3n de estudios preliminares, anteproyectos, modelado 3D y planos constructivos, todo en apego a los criterios de accesibilidad, seguridad humana, est\u00e9tica y funcionalidad. \u00a0 Obtenga una cotizaci\u00f3n Todos nuestros servicios<\/p>","protected":false},"author":1,"featured_media":0,"parent":0,"menu_order":0,"comment_status":"closed","ping_status":"closed","template":"","meta":{"_joinchat":[],"footnotes":""},"class_list":["post-3987","page","type-page","status-publish","hentry"],"_links":{"self":[{"href":"https:\/\/sanchezypiedra.com\/en\/wp-json\/wp\/v2\/pages\/3987","targetHints":{"allow":["GET"]}}],"collection":[{"href":"https:\/\/sanchezypiedra.com\/en\/wp-json\/wp\/v2\/pages"}],"about":[{"href":"https:\/\/sanchezypiedra.com\/en\/wp-json\/wp\/v2\/types\/page"}],"author":[{"embeddable":true,"href":"https:\/\/sanchezypiedra.com\/en\/wp-json\/wp\/v2\/users\/1"}],"replies":[{"embeddable":true,"href":"https:\/\/sanchezypiedra.com\/en\/wp-json\/wp\/v2\/comments?post=3987"}],"version-history":[{"count":3,"href":"https:\/\/sanchezypiedra.com\/en\/wp-json\/wp\/v2\/pages\/3987\/revisions"}],"predecessor-version":[{"id":6634,"href":"https:\/\/sanchezypiedra.com\/en\/wp-json\/wp\/v2\/pages\/3987\/revisions\/6634"}],"wp:attachment":[{"href":"https:\/\/sanchezypiedra.com\/en\/wp-json\/wp\/v2\/media?parent=3987"}],"curies":[{"name":"wp","href":"https:\/\/api.w.org\/{rel}","templated":true}]}}