{"id":3899,"date":"2023-06-30T16:52:08","date_gmt":"2023-06-30T16:52:08","guid":{"rendered":"https:\/\/sanchezypiedra.com\/?page_id=3899"},"modified":"2025-08-25T20:03:01","modified_gmt":"2025-08-26T02:03:01","slug":"diseno-estructural","status":"publish","type":"page","link":"https:\/\/sanchezypiedra.com\/en\/diseno-estructural\/","title":{"rendered":"Structural Design"},"content":{"rendered":"<div data-elementor-type=\"wp-page\" data-elementor-id=\"3899\" class=\"elementor elementor-3899\">\n\t\t\t\t\t\t<section class=\"elementor-section elementor-top-section elementor-element elementor-element-bc59264 elementor-section-boxed elementor-section-height-default elementor-section-height-default\" data-id=\"bc59264\" data-element_type=\"section\">\n\t\t\t\t\t\t<div class=\"elementor-container elementor-column-gap-default\">\n\t\t\t\t\t<div class=\"elementor-column elementor-col-50 elementor-top-column elementor-element elementor-element-7413b1b\" data-id=\"7413b1b\" data-element_type=\"column\">\n\t\t\t<div class=\"elementor-widget-wrap elementor-element-populated\">\n\t\t\t\t\t\t<div class=\"elementor-element elementor-element-f65a0db elementor-widget elementor-widget-image\" data-id=\"f65a0db\" data-element_type=\"widget\" data-widget_type=\"image.default\">\n\t\t\t\t<div class=\"elementor-widget-container\">\n\t\t\t\t\t\t\t\t\t\t\t\t\t\t\t<img decoding=\"async\" width=\"108\" height=\"107\" src=\"https:\/\/sanchezypiedra.com\/wp-content\/uploads\/2023\/06\/Icon_Diseno-Estructural_Sanchez-Piedra.png\" class=\"attachment-large size-large wp-image-3911\" alt=\"\" srcset=\"https:\/\/sanchezypiedra.com\/wp-content\/uploads\/2023\/06\/Icon_Diseno-Estructural_Sanchez-Piedra.png 108w, https:\/\/sanchezypiedra.com\/wp-content\/uploads\/2023\/06\/Icon_Diseno-Estructural_Sanchez-Piedra-100x100.png 100w\" sizes=\"(max-width: 108px) 100vw, 108px\" \/>\t\t\t\t\t\t\t\t\t\t\t\t\t\t\t<\/div>\n\t\t\t\t<\/div>\n\t\t\t\t<div class=\"elementor-element elementor-element-471cd84 elementor-widget__width-initial elementor-widget-tablet__width-initial elementor-widget elementor-widget-text-editor\" data-id=\"471cd84\" data-element_type=\"widget\" data-widget_type=\"text-editor.default\">\n\t\t\t\t<div class=\"elementor-widget-container\">\n\t\t\t\t\t\t\t\t\t<p>Structural design guarantees safe and functional structures that comply with the Costa Rican Seismic Code.<\/p>\t\t\t\t\t\t\t\t<\/div>\n\t\t\t\t<\/div>\n\t\t\t\t<div class=\"elementor-element elementor-element-5597a32 elementor-widget__width-initial elementor-widget-tablet__width-initial elementor-widget elementor-widget-text-editor\" data-id=\"5597a32\" data-element_type=\"widget\" data-widget_type=\"text-editor.default\">\n\t\t\t\t<div class=\"elementor-widget-container\">\n\t\t\t\t\t\t\t\t\t<p>We respect the architectural proposal with a selection of appropriate materials and structural systems.<\/p><p>This service includes the project's structural design, seismic vulnerability studies, structural reinforcement studies, calculation reports, inspection and project supervision.\u00a0 \u00a0<\/p>\t\t\t\t\t\t\t\t<\/div>\n\t\t\t\t<\/div>\n\t\t\t\t<div class=\"elementor-element elementor-element-2265c27 elementor-widget elementor-widget-button\" data-id=\"2265c27\" data-element_type=\"widget\" data-widget_type=\"button.default\">\n\t\t\t\t<div class=\"elementor-widget-container\">\n\t\t\t\t\t\t\t\t\t<div class=\"elementor-button-wrapper\">\n\t\t\t\t\t<a class=\"elementor-button elementor-button-link elementor-size-sm\" href=\"https:\/\/api.whatsapp.com\/send?phone=50688013133&#038;text=%C2%A1Hola%20buenas,%20me%20gustar%C3%ADa%20conocer%20de%20sus%20servicios\">\n\t\t\t\t\t\t<span class=\"elementor-button-content-wrapper\">\n\t\t\t\t\t\t\t\t\t<span class=\"elementor-button-text\">Get a quote<\/span>\n\t\t\t\t\t<\/span>\n\t\t\t\t\t<\/a>\n\t\t\t\t<\/div>\n\t\t\t\t\t\t\t\t<\/div>\n\t\t\t\t<\/div>\n\t\t\t\t\t<\/div>\n\t\t<\/div>\n\t\t\t\t<div class=\"elementor-column elementor-col-50 elementor-top-column elementor-element elementor-element-b0eab1d\" data-id=\"b0eab1d\" data-element_type=\"column\">\n\t\t\t<div class=\"elementor-widget-wrap elementor-element-populated\">\n\t\t\t\t\t\t<div class=\"elementor-element elementor-element-0f6ddb5 imagenSliderCorner elementor-widget elementor-widget-mae-gallery-carousel\" data-id=\"0f6ddb5\" data-element_type=\"widget\" data-widget_type=\"mae-gallery-carousel.default\">\n\t\t\t\t<div class=\"elementor-widget-container\">\n\t\t\t\t\t\n        <div class=\"master-carousel-box mlr-433963692 master-galleries\" data-config='{\"column\":\"1\",\"gap\":\"40px\",\"arrowPosition\":null,\"arrowMiddleOffset\":null,\"arrowTopOffset\":null,\"dotOffset\":\"30px\",\"fullRight\":false,\"autoPlay\":false,\"prevNextButtons\":false,\"pageDots\":true,\"groupCells\":false}'>\n                            <div class=\"master-gallery  item-carousel\">\n                    <div class=\"thumb\"><img decoding=\"async\" src=\"https:\/\/sanchezypiedra.com\/wp-content\/uploads\/2023\/07\/Image_Diseno-Estructural-2_SanchezPiedra.jpg\" alt=\"Image\" \/><\/div>                <\/div>\n                            <div class=\"master-gallery  item-carousel\">\n                    <div class=\"thumb\"><img decoding=\"async\" src=\"https:\/\/sanchezypiedra.com\/wp-content\/uploads\/2023\/07\/Image_Diseno-Estructural-3_SanchezPiedra.jpg\" alt=\"Image\" \/><\/div>                <\/div>\n                            <div class=\"master-gallery  item-carousel\">\n                    <div class=\"thumb\"><img decoding=\"async\" src=\"https:\/\/sanchezypiedra.com\/wp-content\/uploads\/2023\/07\/Image_Diseno-Estructural-1_SanchezPiedra.jpg\" alt=\"Image\" \/><\/div>                <\/div>\n                    <\/div>\n\n        \t\t\t\t<\/div>\n\t\t\t\t<\/div>\n\t\t\t\t\t<\/div>\n\t\t<\/div>\n\t\t\t\t\t<\/div>\n\t\t<\/section>\n\t\t\t\t<section class=\"elementor-section elementor-top-section elementor-element elementor-element-ede42fd elementor-section-boxed elementor-section-height-default elementor-section-height-default\" data-id=\"ede42fd\" data-element_type=\"section\">\n\t\t\t\t\t\t<div class=\"elementor-container elementor-column-gap-default\">\n\t\t\t\t\t<div class=\"elementor-column elementor-col-100 elementor-top-column elementor-element elementor-element-d7df921\" data-id=\"d7df921\" data-element_type=\"column\">\n\t\t\t<div class=\"elementor-widget-wrap elementor-element-populated\">\n\t\t\t\t\t\t<div class=\"elementor-element elementor-element-cd3aaa7 elementor-widget elementor-widget-text-editor\" data-id=\"cd3aaa7\" data-element_type=\"widget\" data-widget_type=\"text-editor.default\">\n\t\t\t\t<div class=\"elementor-widget-container\">\n\t\t\t\t\t\t\t\t\t<p>All our services<\/p>\t\t\t\t\t\t\t\t<\/div>\n\t\t\t\t<\/div>\n\t\t\t\t<div class=\"elementor-element elementor-element-b6d6c69 hover-effect-style-1 elementor-widget elementor-widget-mae-service-carousel\" data-id=\"b6d6c69\" data-element_type=\"widget\" data-widget_type=\"mae-service-carousel.default\">\n\t\t\t\t<div class=\"elementor-widget-container\">\n\t\t\t\t\t\n        <div class=\"master-carousel-box mlr-692528713\" data-config='{\"column\":\"3\",\"gap\":\"30px\",\"arrowPosition\":null,\"arrowMiddleOffset\":null,\"arrowTopOffset\":null,\"dotOffset\":null,\"fullRight\":false,\"autoPlay\":false,\"prevNextButtons\":false,\"pageDots\":false}'>\n                            <div class=\"master-service  item-carousel sep-before\">\n                    <div class=\"thumb\">\n                        <img decoding=\"async\" src=\"https:\/\/sanchezypiedra.com\/wp-content\/uploads\/2023\/06\/Image_Ingenieria_Home_SanchezPiedra.jpg\" alt=\"Image\" \/>\n                    <\/div>\n\n                    <div class=\"content-wrap\">\n                        <h3 class=\"headline-2\">Engineering<\/h3><div class=\"sep\"><\/div><div class=\"desc\"><p>Design of construction plans, budgets, paperwork and construction and inspection of works.<\/p><\/div>            <div class=\"url-wrap\">\n                <a class=\"master-link  icon-right\" href=\"\/en\/ingenieria\/\" >\n                                        <span>See more<\/span>\n                    <span class=\"icon fa fa-arrow-right\"><\/span>                <\/a>\n            <\/div>\n\n                                <\/div>\n                <\/div>\n                            <div class=\"master-service  item-carousel sep-before\">\n                    <div class=\"thumb\">\n                        <img decoding=\"async\" src=\"https:\/\/sanchezypiedra.com\/wp-content\/uploads\/2023\/06\/Image_Diseno-Arquitectonico_Home_SanchezPiedra.jpg\" alt=\"Image\" \/>\n                    <\/div>\n\n                    <div class=\"content-wrap\">\n                        <h3 class=\"headline-2\">Architecture<\/h3><div class=\"sep\"><\/div><div class=\"desc\"><p>Preliminary design. Architectural Design and 3D Modeling \u00a0\u00a0<\/p><\/div>            <div class=\"url-wrap\">\n                <a class=\"master-link  icon-right\" href=\"\/en\/dise\u00f1o-arquitectonico\/\" >\n                                        <span>See more<\/span>\n                    <span class=\"icon fa fa-arrow-right\"><\/span>                <\/a>\n            <\/div>\n\n                                <\/div>\n                <\/div>\n                            <div class=\"master-service  item-carousel sep-before\">\n                    <div class=\"thumb\">\n                        <img decoding=\"async\" src=\"https:\/\/sanchezypiedra.com\/wp-content\/uploads\/2023\/06\/Image_Avaluos_Home_SanchezPiedra.jpg\" alt=\"Image\" \/>\n                    <\/div>\n\n                    <div class=\"content-wrap\">\n                        <h3 class=\"headline-2\">Appraisals<\/h3><div class=\"sep\"><\/div><div class=\"desc\"><p>Valuation of property for sale, rent, mortgage guarantee and insurance.<\/p><\/div>            <div class=\"url-wrap\">\n                <a class=\"master-link  icon-right\" href=\"\/en\/avaluos\/\" >\n                                        <span>See more<\/span>\n                    <span class=\"icon fa fa-arrow-right\"><\/span>                <\/a>\n            <\/div>\n\n                                <\/div>\n                <\/div>\n                    <\/div>\n\n        \t\t\t\t<\/div>\n\t\t\t\t<\/div>\n\t\t\t\t\t<\/div>\n\t\t<\/div>\n\t\t\t\t\t<\/div>\n\t\t<\/section>\n\t\t\t\t<section class=\"elementor-section elementor-top-section elementor-element elementor-element-0f79b3d elementor-section-boxed elementor-section-height-default elementor-section-height-default\" data-id=\"0f79b3d\" data-element_type=\"section\">\n\t\t\t\t\t\t<div class=\"elementor-container elementor-column-gap-default\">\n\t\t\t\t\t<div class=\"elementor-column elementor-col-100 elementor-top-column elementor-element elementor-element-931e6e0\" data-id=\"931e6e0\" data-element_type=\"column\">\n\t\t\t<div class=\"elementor-widget-wrap elementor-element-populated\">\n\t\t\t\t\t\t<div class=\"elementor-element elementor-element-ab463de elementor-widget elementor-widget-spacer\" data-id=\"ab463de\" data-element_type=\"widget\" data-widget_type=\"spacer.default\">\n\t\t\t\t<div class=\"elementor-widget-container\">\n\t\t\t\t\t\t\t<div class=\"elementor-spacer\">\n\t\t\t<div class=\"elementor-spacer-inner\"><\/div>\n\t\t<\/div>\n\t\t\t\t\t\t<\/div>\n\t\t\t\t<\/div>\n\t\t\t\t\t<\/div>\n\t\t<\/div>\n\t\t\t\t\t<\/div>\n\t\t<\/section>\n\t\t\t\t<section class=\"elementor-section elementor-top-section elementor-element elementor-element-f9ec950 elementor-section-full_width elementor-section-stretched elementor-section-height-default elementor-section-height-default\" data-id=\"f9ec950\" data-element_type=\"section\" data-settings=\"{&quot;stretch_section&quot;:&quot;section-stretched&quot;}\">\n\t\t\t\t\t\t<div class=\"elementor-container elementor-column-gap-default\">\n\t\t\t\t\t<div class=\"elementor-column elementor-col-100 elementor-top-column elementor-element elementor-element-8a332b8\" data-id=\"8a332b8\" data-element_type=\"column\">\n\t\t\t<div class=\"elementor-widget-wrap\">\n\t\t\t\t\t\t\t<\/div>\n\t\t<\/div>\n\t\t\t\t\t<\/div>\n\t\t<\/section>\n\t\t\t\t<section class=\"elementor-section elementor-top-section elementor-element elementor-element-f731391 elementor-section-stretched elementor-section-full_width elementor-section-height-default elementor-section-height-default\" data-id=\"f731391\" data-element_type=\"section\" data-settings=\"{&quot;stretch_section&quot;:&quot;section-stretched&quot;,&quot;background_background&quot;:&quot;gradient&quot;}\">\n\t\t\t\t\t\t<div class=\"elementor-container elementor-column-gap-default\">\n\t\t\t\t\t<div class=\"elementor-column elementor-col-100 elementor-top-column elementor-element elementor-element-be96ef8\" data-id=\"be96ef8\" data-element_type=\"column\">\n\t\t\t<div class=\"elementor-widget-wrap elementor-element-populated\">\n\t\t\t\t\t\t<section class=\"elementor-section elementor-inner-section elementor-element elementor-element-6968644 elementor-section-content-middle elementor-section-boxed elementor-section-height-default elementor-section-height-default\" data-id=\"6968644\" data-element_type=\"section\" data-settings=\"{&quot;background_background&quot;:&quot;classic&quot;}\">\n\t\t\t\t\t\t<div class=\"elementor-container elementor-column-gap-default\">\n\t\t\t\t\t<div class=\"elementor-column elementor-col-100 elementor-inner-column elementor-element elementor-element-373021c\" data-id=\"373021c\" data-element_type=\"column\">\n\t\t\t<div class=\"elementor-widget-wrap elementor-element-populated\">\n\t\t\t\t\t\t<div class=\"elementor-element elementor-element-cd91d12 align--tabletcenter align-center elementor-widget__width-initial elementor-widget elementor-widget-mae-headings\" data-id=\"cd91d12\" data-element_type=\"widget\" data-widget_type=\"mae-headings.default\">\n\t\t\t\t<div class=\"elementor-widget-container\">\n\t\t\t\t\t\t\t<div class=\"master-heading\">\n\t        \n\t        \t        <h2 class=\"main-heading\">Develop with the security and support <br> of more than 15 years of experience!<\/h2>\n\t        \n\t        \n\t        \t    <\/div>\n\t    \t\t\t\t<\/div>\n\t\t\t\t<\/div>\n\t\t\t\t<div class=\"elementor-element elementor-element-aa02eca elementor-align-center elementor-widget elementor-widget-button\" data-id=\"aa02eca\" data-element_type=\"widget\" data-widget_type=\"button.default\">\n\t\t\t\t<div class=\"elementor-widget-container\">\n\t\t\t\t\t\t\t\t\t<div class=\"elementor-button-wrapper\">\n\t\t\t\t\t<a class=\"elementor-button elementor-button-link elementor-size-sm\" href=\"https:\/\/api.whatsapp.com\/send?phone=50688013133&#038;text=%C2%A1Hola%20buenas,%20me%20gustar%C3%ADa%20conocer%20de%20sus%20servicios\">\n\t\t\t\t\t\t<span class=\"elementor-button-content-wrapper\">\n\t\t\t\t\t\t\t\t\t<span class=\"elementor-button-text\">Contact us<\/span>\n\t\t\t\t\t<\/span>\n\t\t\t\t\t<\/a>\n\t\t\t\t<\/div>\n\t\t\t\t\t\t\t\t<\/div>\n\t\t\t\t<\/div>\n\t\t\t\t\t<\/div>\n\t\t<\/div>\n\t\t\t\t\t<\/div>\n\t\t<\/section>\n\t\t\t\t\t<\/div>\n\t\t<\/div>\n\t\t\t\t\t<\/div>\n\t\t<\/section>\n\t\t\t\t<\/div>","protected":false},"excerpt":{"rendered":"<p>El dise\u00f1o estructural garantiza estructuras seguras y funcionales que cumplen con el C\u00f3digo S\u00edsmico de Costa Rica Respetamos la propuesta arquitect\u00f3nica con una selecci\u00f3n de materiales y sistemas estructurales apropiados. Este servicio contempla el dise\u00f1o estructural de proyectos, estudios de vulnerabilidad s\u00edsmica, estudios para reforzamiento de estructuras, memorias de c\u00e1lculo,<\/p>","protected":false},"author":1,"featured_media":0,"parent":0,"menu_order":0,"comment_status":"closed","ping_status":"closed","template":"","meta":{"_joinchat":[],"footnotes":""},"class_list":["post-3899","page","type-page","status-publish","hentry"],"_links":{"self":[{"href":"https:\/\/sanchezypiedra.com\/en\/wp-json\/wp\/v2\/pages\/3899","targetHints":{"allow":["GET"]}}],"collection":[{"href":"https:\/\/sanchezypiedra.com\/en\/wp-json\/wp\/v2\/pages"}],"about":[{"href":"https:\/\/sanchezypiedra.com\/en\/wp-json\/wp\/v2\/types\/page"}],"author":[{"embeddable":true,"href":"https:\/\/sanchezypiedra.com\/en\/wp-json\/wp\/v2\/users\/1"}],"replies":[{"embeddable":true,"href":"https:\/\/sanchezypiedra.com\/en\/wp-json\/wp\/v2\/comments?post=3899"}],"version-history":[{"count":3,"href":"https:\/\/sanchezypiedra.com\/en\/wp-json\/wp\/v2\/pages\/3899\/revisions"}],"predecessor-version":[{"id":6631,"href":"https:\/\/sanchezypiedra.com\/en\/wp-json\/wp\/v2\/pages\/3899\/revisions\/6631"}],"wp:attachment":[{"href":"https:\/\/sanchezypiedra.com\/en\/wp-json\/wp\/v2\/media?parent=3899"}],"curies":[{"name":"wp","href":"https:\/\/api.w.org\/{rel}","templated":true}]}}